{"id":46,"date":"2025-11-10T22:57:25","date_gmt":"2025-11-10T21:57:25","guid":{"rendered":"https:\/\/itermilano.it\/?page_id=46"},"modified":"2025-11-14T17:38:02","modified_gmt":"2025-11-14T16:38:02","slug":"services","status":"publish","type":"page","link":"https:\/\/itermilano.it\/?page_id=46","title":{"rendered":"Servizi"},"content":{"rendered":"\t\t<div data-elementor-type=\"wp-page\" data-elementor-id=\"46\" class=\"elementor elementor-46\" data-elementor-post-type=\"page\">\n\t\t\t\t<div class=\"elementor-element elementor-element-bfad0be e-flex e-con-boxed e-con e-parent\" data-id=\"bfad0be\" data-element_type=\"container\" data-settings=\"{&quot;background_background&quot;:&quot;classic&quot;}\">\n\t\t\t\t\t<div class=\"e-con-inner\">\n\t\t\t\t<div class=\"elementor-element elementor-element-54ddf58b elementor-invisible elementor-widget elementor-widget-heading\" data-id=\"54ddf58b\" data-element_type=\"widget\" data-settings=\"{&quot;_animation&quot;:&quot;fadeIn&quot;}\" data-widget_type=\"heading.default\">\n\t\t\t\t\t<h1 class=\"elementor-heading-title elementor-size-default\">Servizi<\/h1>\t\t\t\t<\/div>\n\t\t\t\t\t<\/div>\n\t\t\t\t<\/div>\n\t\t<div class=\"elementor-element elementor-element-2582e5c5 e-flex e-con-boxed e-con e-parent\" data-id=\"2582e5c5\" data-element_type=\"container\">\n\t\t\t\t\t<div class=\"e-con-inner\">\n\t\t<div class=\"elementor-element elementor-element-3b11c2bd e-con-full e-flex elementor-invisible e-con e-child\" data-id=\"3b11c2bd\" data-element_type=\"container\" data-settings=\"{&quot;animation&quot;:&quot;slideInUp&quot;,&quot;background_background&quot;:&quot;classic&quot;,&quot;animation_delay&quot;:600}\">\n\t\t<div class=\"elementor-element elementor-element-60f48b9e e-con-full e-flex e-con e-child\" data-id=\"60f48b9e\" data-element_type=\"container\">\n\t\t\t\t<div class=\"elementor-element elementor-element-7bb95ed3 elementor-widget elementor-widget-icon-box\" data-id=\"7bb95ed3\" data-element_type=\"widget\" data-widget_type=\"icon-box.default\">\n\t\t\t\t\t\t\t<div class=\"elementor-icon-box-wrapper\">\n\n\t\t\t\n\t\t\t\t\t\t<div class=\"elementor-icon-box-content\">\n\n\t\t\t\t\t\t\t\t\t<h3 class=\"elementor-icon-box-title\">\n\t\t\t\t\t\t<span  >\n\t\t\t\t\t\t\tArea Contabile e Fiscale\t\t\t\t\t\t<\/span>\n\t\t\t\t\t<\/h3>\n\t\t\t\t\n\t\t\t\t\n\t\t\t<\/div>\n\t\t\t\n\t\t<\/div>\n\t\t\t\t\t\t<\/div>\n\t\t\t\t<div class=\"elementor-element elementor-element-7bd15bbb elementor-widget elementor-widget-text-editor\" data-id=\"7bd15bbb\" data-element_type=\"widget\" data-widget_type=\"text-editor.default\">\n\t\t\t\t\t\t\t\t\t<p data-start=\"1390\" data-end=\"1558\">Gestiamo la tua contabilit\u00e0 con precisione, tempestivit\u00e0 e visione strategica, trasformando i dati in informazioni utili per le tue decisioni.<br data-start=\"1532\" data-end=\"1535\" \/><strong data-start=\"1535\" data-end=\"1558\">Servizi principali:<\/strong><\/p><ul data-start=\"1559\" data-end=\"1769\"><li data-start=\"1559\" data-end=\"1599\"><p data-start=\"1561\" data-end=\"1599\">Contabilit\u00e0 ordinaria e semplificata<\/p><\/li><li data-start=\"1600\" data-end=\"1651\"><p data-start=\"1602\" data-end=\"1651\">Bilanci d\u2019esercizio e dichiarazioni dei redditi<\/p><\/li><li data-start=\"1652\" data-end=\"1681\"><p data-start=\"1654\" data-end=\"1681\">Adempimenti IVA e fiscali<\/p><\/li><li data-start=\"1682\" data-end=\"1719\"><p data-start=\"1684\" data-end=\"1719\">Pianificazione fiscale strategica<\/p><\/li><li data-start=\"1720\" data-end=\"1769\"><p data-start=\"1722\" data-end=\"1769\">Assistenza in caso di verifiche ed accertamenti<\/p><\/li><\/ul>\t\t\t\t\t\t\t\t<\/div>\n\t\t\t\t<div class=\"elementor-element elementor-element-25d53d6a elementor-align-justify elementor-widget__width-initial elementor-invisible elementor-widget elementor-widget-button\" data-id=\"25d53d6a\" data-element_type=\"widget\" data-settings=\"{&quot;_animation&quot;:&quot;fadeIn&quot;,&quot;_animation_delay&quot;:450}\" data-widget_type=\"button.default\">\n\t\t\t\t\t\t\t\t\t\t<a class=\"elementor-button elementor-button-link elementor-size-sm\" href=\"https:\/\/itermilano.it\/?page_id=35\">\n\t\t\t\t\t\t<span class=\"elementor-button-content-wrapper\">\n\t\t\t\t\t\t\t\t\t<span class=\"elementor-button-text\">Contattaci<\/span>\n\t\t\t\t\t<\/span>\n\t\t\t\t\t<\/a>\n\t\t\t\t\t\t\t\t<\/div>\n\t\t\t\t<\/div>\n\t\t<div class=\"elementor-element elementor-element-aeb7a27 e-con-full e-flex e-con e-child\" data-id=\"aeb7a27\" data-element_type=\"container\" data-settings=\"{&quot;background_background&quot;:&quot;classic&quot;}\">\n\t\t\t\t<\/div>\n\t\t\t\t<\/div>\n\t\t<div class=\"elementor-element elementor-element-17ee21f3 e-con-full e-flex elementor-invisible e-con e-child\" data-id=\"17ee21f3\" data-element_type=\"container\" data-settings=\"{&quot;animation&quot;:&quot;slideInUp&quot;,&quot;background_background&quot;:&quot;classic&quot;,&quot;animation_delay&quot;:300}\">\n\t\t<div class=\"elementor-element elementor-element-6a1f7c8 e-con-full e-flex e-con e-child\" data-id=\"6a1f7c8\" data-element_type=\"container\">\n\t\t\t\t<div class=\"elementor-element elementor-element-172a8c35 elementor-widget elementor-widget-icon-box\" data-id=\"172a8c35\" data-element_type=\"widget\" data-widget_type=\"icon-box.default\">\n\t\t\t\t\t\t\t<div class=\"elementor-icon-box-wrapper\">\n\n\t\t\t\n\t\t\t\t\t\t<div class=\"elementor-icon-box-content\">\n\n\t\t\t\t\t\t\t\t\t<h3 class=\"elementor-icon-box-title\">\n\t\t\t\t\t\t<span  >\n\t\t\t\t\t\t\tArea del Lavoro e Paghe\t\t\t\t\t\t<\/span>\n\t\t\t\t\t<\/h3>\n\t\t\t\t\n\t\t\t\t\n\t\t\t<\/div>\n\t\t\t\n\t\t<\/div>\n\t\t\t\t\t\t<\/div>\n\t\t\t\t<div class=\"elementor-element elementor-element-3ce8b992 elementor-widget elementor-widget-text-editor\" data-id=\"3ce8b992\" data-element_type=\"widget\" data-widget_type=\"text-editor.default\">\n\t\t\t\t\t\t\t\t\t<p data-start=\"1811\" data-end=\"1974\">Le persone sono la risorsa pi\u00f9 importante della tua azienda.<br data-start=\"1871\" data-end=\"1874\" \/>Ti affianchiamo nella gestione di tutti gli aspetti <strong data-start=\"1926\" data-end=\"1973\">amministrativi, retributivi e di compliance<\/strong>.<\/p><p data-start=\"1976\" data-end=\"1999\"><strong data-start=\"1976\" data-end=\"1999\">Servizi principali:<\/strong><\/p><ul data-start=\"2000\" data-end=\"2259\"><li data-start=\"2000\" data-end=\"2055\"><p data-start=\"2002\" data-end=\"2055\">Elaborazione delle paghe e contributi (INPS, INAIL)<\/p><\/li><li data-start=\"2056\" data-end=\"2110\"><p data-start=\"2058\" data-end=\"2110\">Gestione di assunzioni, dimissioni e licenziamenti<\/p><\/li><li data-start=\"2111\" data-end=\"2184\"><p data-start=\"2113\" data-end=\"2184\">Consulenza in materia di diritto del lavoro (orario, ferie, permessi)<\/p><\/li><li data-start=\"2185\" data-end=\"2259\"><p data-start=\"2187\" data-end=\"2259\">Invio telematico delle comunicazioni obbligatorie (UniLav, Modello DURC)<\/p><\/li><\/ul>\t\t\t\t\t\t\t\t<\/div>\n\t\t\t\t<div class=\"elementor-element elementor-element-519a753 elementor-align-justify elementor-widget__width-initial elementor-invisible elementor-widget elementor-widget-button\" data-id=\"519a753\" data-element_type=\"widget\" data-settings=\"{&quot;_animation&quot;:&quot;fadeIn&quot;,&quot;_animation_delay&quot;:450}\" data-widget_type=\"button.default\">\n\t\t\t\t\t\t\t\t\t\t<a class=\"elementor-button elementor-button-link elementor-size-sm\" href=\"https:\/\/itermilano.it\/?page_id=35\">\n\t\t\t\t\t\t<span class=\"elementor-button-content-wrapper\">\n\t\t\t\t\t\t\t\t\t<span class=\"elementor-button-text\">Contattaci<\/span>\n\t\t\t\t\t<\/span>\n\t\t\t\t\t<\/a>\n\t\t\t\t\t\t\t\t<\/div>\n\t\t\t\t<\/div>\n\t\t<div class=\"elementor-element elementor-element-5bdd2727 e-con-full e-flex e-con e-child\" data-id=\"5bdd2727\" data-element_type=\"container\" data-settings=\"{&quot;background_background&quot;:&quot;classic&quot;}\">\n\t\t\t\t<\/div>\n\t\t\t\t<\/div>\n\t\t<div class=\"elementor-element elementor-element-5a0d7aaf e-con-full e-flex elementor-invisible e-con e-child\" data-id=\"5a0d7aaf\" data-element_type=\"container\" data-settings=\"{&quot;animation&quot;:&quot;slideInUp&quot;,&quot;background_background&quot;:&quot;classic&quot;}\">\n\t\t<div class=\"elementor-element elementor-element-688f427 e-con-full e-flex e-con e-child\" data-id=\"688f427\" data-element_type=\"container\">\n\t\t\t\t<div class=\"elementor-element elementor-element-577c1654 elementor-widget elementor-widget-icon-box\" data-id=\"577c1654\" data-element_type=\"widget\" data-widget_type=\"icon-box.default\">\n\t\t\t\t\t\t\t<div class=\"elementor-icon-box-wrapper\">\n\n\t\t\t\n\t\t\t\t\t\t<div class=\"elementor-icon-box-content\">\n\n\t\t\t\t\t\t\t\t\t<h3 class=\"elementor-icon-box-title\">\n\t\t\t\t\t\t<span  >\n\t\t\t\t\t\t\tContrattualistica e Rapporti Sindacali\t\t\t\t\t\t<\/span>\n\t\t\t\t\t<\/h3>\n\t\t\t\t\n\t\t\t\t\n\t\t\t<\/div>\n\t\t\t\n\t\t<\/div>\n\t\t\t\t\t\t<\/div>\n\t\t\t\t<div class=\"elementor-element elementor-element-ea47ae1 elementor-widget elementor-widget-text-editor\" data-id=\"ea47ae1\" data-element_type=\"widget\" data-widget_type=\"text-editor.default\">\n\t\t\t\t\t\t\t\t\t<p data-start=\"2316\" data-end=\"2486\">La nostra specializzazione distintiva.<br data-start=\"2354\" data-end=\"2357\" \/>Siamo il tuo <strong data-start=\"2370\" data-end=\"2401\">difensore in sede negoziale<\/strong>, gestendo con competenza e autorevolezza i rapporti con le organizzazioni sindacali.<\/p><p data-start=\"2488\" data-end=\"2511\"><strong data-start=\"2488\" data-end=\"2511\">Servizi principali:<\/strong><\/p><ul data-start=\"2512\" data-end=\"2929\"><li data-start=\"2512\" data-end=\"2622\"><p data-start=\"2514\" data-end=\"2622\">Redazione e revisione dei contratti di lavoro (tempo indeterminato, determinato, part-time, apprendistato)<\/p><\/li><li data-start=\"2623\" data-end=\"2690\"><p data-start=\"2625\" data-end=\"2690\">Stipula e gestione di accordi collettivi aziendali (II livello)<\/p><\/li><li data-start=\"2691\" data-end=\"2777\"><p data-start=\"2693\" data-end=\"2777\">Assistenza nelle trattative sindacali, dalla preparazione alla firma degli accordi<\/p><\/li><li data-start=\"2778\" data-end=\"2870\"><p data-start=\"2780\" data-end=\"2870\">Gestione di procedure di mobilit\u00e0, licenziamenti collettivi e ristrutturazioni aziendali<\/p><\/li><li data-start=\"2871\" data-end=\"2929\"><p data-start=\"2873\" data-end=\"2929\">Consulenza in caso di contenzioso e vertenze sindacali<\/p><\/li><\/ul>\t\t\t\t\t\t\t\t<\/div>\n\t\t\t\t<div class=\"elementor-element elementor-element-4c05ac2 elementor-align-justify elementor-widget__width-initial elementor-invisible elementor-widget elementor-widget-button\" data-id=\"4c05ac2\" data-element_type=\"widget\" data-settings=\"{&quot;_animation&quot;:&quot;fadeIn&quot;,&quot;_animation_delay&quot;:450}\" data-widget_type=\"button.default\">\n\t\t\t\t\t\t\t\t\t\t<a class=\"elementor-button elementor-button-link elementor-size-sm\" href=\"https:\/\/itermilano.it\/?page_id=35\">\n\t\t\t\t\t\t<span class=\"elementor-button-content-wrapper\">\n\t\t\t\t\t\t\t\t\t<span class=\"elementor-button-text\">Contattaci<\/span>\n\t\t\t\t\t<\/span>\n\t\t\t\t\t<\/a>\n\t\t\t\t\t\t\t\t<\/div>\n\t\t\t\t<\/div>\n\t\t<div class=\"elementor-element elementor-element-44ddc541 e-con-full e-flex e-con e-child\" data-id=\"44ddc541\" data-element_type=\"container\" data-settings=\"{&quot;background_background&quot;:&quot;classic&quot;}\">\n\t\t\t\t<\/div>\n\t\t\t\t<\/div>\n\t\t\t\t\t<\/div>\n\t\t\t\t<\/div>\n\t\t<div class=\"elementor-element elementor-element-fd15810 e-con-full e-flex e-con e-parent\" data-id=\"fd15810\" data-element_type=\"container\" data-settings=\"{&quot;background_background&quot;:&quot;classic&quot;}\">\n\t\t<div class=\"elementor-element elementor-element-fb2c8ad e-con-full e-flex e-con e-child\" data-id=\"fb2c8ad\" data-element_type=\"container\">\n\t\t\t\t<div class=\"elementor-element elementor-element-788d0cf elementor-invisible elementor-widget elementor-widget-heading\" data-id=\"788d0cf\" data-element_type=\"widget\" data-settings=\"{&quot;_animation&quot;:&quot;fadeIn&quot;}\" data-widget_type=\"heading.default\">\n\t\t\t\t\t<h2 class=\"elementor-heading-title elementor-size-default\">Studio Iter: sempre al tuo fianco<\/h2>\t\t\t\t<\/div>\n\t\t\t\t<div class=\"elementor-element elementor-element-e3a4e6c elementor-invisible elementor-widget elementor-widget-text-editor\" data-id=\"e3a4e6c\" data-element_type=\"widget\" data-settings=\"{&quot;_animation&quot;:&quot;fadeIn&quot;,&quot;_animation_delay&quot;:300}\" data-widget_type=\"text-editor.default\">\n\t\t\t\t\t\t\t\t\t<p>Hai bisogno di una consulenza o vuoi ricevere maggiori informazioni sui nostri servizi?<br data-start=\"375\" data-end=\"378\" \/>Il team di <strong data-start=\"389\" data-end=\"404\">Studio Iter<\/strong> \u00e8 a tua disposizione per offrirti supporto personalizzato e risposte rapide alle tue esigenze.<\/p>\t\t\t\t\t\t\t\t<\/div>\n\t\t\t\t<div class=\"elementor-element elementor-element-80dfba3 elementor-align-justify elementor-widget__width-initial elementor-invisible elementor-widget elementor-widget-button\" data-id=\"80dfba3\" data-element_type=\"widget\" data-settings=\"{&quot;_animation&quot;:&quot;fadeIn&quot;,&quot;_animation_delay&quot;:600}\" data-widget_type=\"button.default\">\n\t\t\t\t\t\t\t\t\t\t<a class=\"elementor-button elementor-button-link elementor-size-sm\" href=\"https:\/\/itermilano.it\/?page_id=35\">\n\t\t\t\t\t\t<span class=\"elementor-button-content-wrapper\">\n\t\t\t\t\t\t\t\t\t<span class=\"elementor-button-text\">Contattaci<\/span>\n\t\t\t\t\t<\/span>\n\t\t\t\t\t<\/a>\n\t\t\t\t\t\t\t\t<\/div>\n\t\t\t\t<\/div>\n\t\t<div class=\"elementor-element elementor-element-7ee6bc3 e-con-full e-flex e-con e-child\" data-id=\"7ee6bc3\" data-element_type=\"container\" data-settings=\"{&quot;background_background&quot;:&quot;classic&quot;}\">\n\t\t\t\t<\/div>\n\t\t\t\t<\/div>\n\t\t\t\t<\/div>\n\t\t","protected":false},"excerpt":{"rendered":"<p>Servizi Area Contabile e Fiscale Gestiamo la tua contabilit\u00e0 con precisione, tempestivit\u00e0 e visione strategica, trasformando i dati in informazioni utili per le tue decisioni.Servizi principali: Contabilit\u00e0 ordinaria e semplificata Bilanci d\u2019esercizio e dichiarazioni dei redditi Adempimenti IVA e fiscali Pianificazione fiscale strategica Assistenza in caso di verifiche ed accertamenti Contattaci Area del Lavoro e [&hellip;]<\/p>\n","protected":false},"author":1,"featured_media":54,"parent":0,"menu_order":0,"comment_status":"closed","ping_status":"closed","template":"elementor_header_footer","meta":{"footnotes":""},"class_list":["post-46","page","type-page","status-publish","has-post-thumbnail","hentry"],"_links":{"self":[{"href":"https:\/\/itermilano.it\/index.php?rest_route=\/wp\/v2\/pages\/46","targetHints":{"allow":["GET"]}}],"collection":[{"href":"https:\/\/itermilano.it\/index.php?rest_route=\/wp\/v2\/pages"}],"about":[{"href":"https:\/\/itermilano.it\/index.php?rest_route=\/wp\/v2\/types\/page"}],"author":[{"embeddable":true,"href":"https:\/\/itermilano.it\/index.php?rest_route=\/wp\/v2\/users\/1"}],"replies":[{"embeddable":true,"href":"https:\/\/itermilano.it\/index.php?rest_route=%2Fwp%2Fv2%2Fcomments&post=46"}],"version-history":[{"count":20,"href":"https:\/\/itermilano.it\/index.php?rest_route=\/wp\/v2\/pages\/46\/revisions"}],"predecessor-version":[{"id":191,"href":"https:\/\/itermilano.it\/index.php?rest_route=\/wp\/v2\/pages\/46\/revisions\/191"}],"wp:featuredmedia":[{"embeddable":true,"href":"https:\/\/itermilano.it\/index.php?rest_route=\/wp\/v2\/media\/54"}],"wp:attachment":[{"href":"https:\/\/itermilano.it\/index.php?rest_route=%2Fwp%2Fv2%2Fmedia&parent=46"}],"curies":[{"name":"wp","href":"https:\/\/api.w.org\/{rel}","templated":true}]}}